{"id":541,"date":"2018-11-27T09:17:08","date_gmt":"2018-11-27T08:17:08","guid":{"rendered":"https:\/\/iberpoligraph.es\/about\/"},"modified":"2023-12-15T13:43:41","modified_gmt":"2023-12-15T12:43:41","slug":"nosotros","status":"publish","type":"page","link":"https:\/\/iberpoligraph.es\/en\/nosotros\/","title":{"rendered":"About Us"},"content":{"rendered":"<div data-elementor-type=\"wp-post\" data-elementor-id=\"541\" class=\"elementor elementor-541\" data-elementor-post-type=\"page\">\n\t\t\t\t\t\t<section class=\"elementor-section elementor-top-section elementor-element elementor-element-1ecf9fe8 elementor-section-height-min-height elementor-section-boxed elementor-section-height-default elementor-section-items-middle\" data-id=\"1ecf9fe8\" data-element_type=\"section\" data-settings=\"{&quot;background_background&quot;:&quot;classic&quot;}\">\n\t\t\t\t\t\t\t<div class=\"elementor-background-overlay\"><\/div>\n\t\t\t\t\t\t\t<div class=\"elementor-container elementor-column-gap-default\">\n\t\t\t\t\t<div class=\"elementor-column elementor-col-100 elementor-top-column elementor-element elementor-element-78f116be\" data-id=\"78f116be\" data-element_type=\"column\">\n\t\t\t<div class=\"elementor-widget-wrap\">\n\t\t\t\t\t\t\t<\/div>\n\t\t<\/div>\n\t\t\t\t\t<\/div>\n\t\t<\/section>\n\t\t<div class=\"elementor-element elementor-element-d95f0ba e-flex e-con-boxed e-con e-parent\" data-id=\"d95f0ba\" data-element_type=\"container\" data-settings=\"{&quot;background_background&quot;:&quot;classic&quot;}\">\n\t\t\t\t\t<div class=\"e-con-inner\">\n\t\t<div class=\"elementor-element elementor-element-38eccaa e-con-full e-flex e-con e-child\" data-id=\"38eccaa\" data-element_type=\"container\">\n\t\t\t\t<div class=\"elementor-element elementor-element-b72c0b5 elementor-widget-divider--view-line elementor-widget elementor-widget-divider\" data-id=\"b72c0b5\" data-element_type=\"widget\" data-widget_type=\"divider.default\">\n\t\t\t\t<div class=\"elementor-widget-container\">\n\t\t\t\t\t\t\t<div class=\"elementor-divider\">\n\t\t\t<span class=\"elementor-divider-separator\">\n\t\t\t\t\t\t<\/span>\n\t\t<\/div>\n\t\t\t\t\t\t<\/div>\n\t\t\t\t<\/div>\n\t\t\t\t<\/div>\n\t\t\t\t\t<\/div>\n\t\t\t\t<\/div>\n\t\t\t\t<section class=\"elementor-section elementor-top-section elementor-element elementor-element-4412b01b elementor-section-boxed elementor-section-height-default elementor-section-height-default\" data-id=\"4412b01b\" data-element_type=\"section\" data-settings=\"{&quot;background_background&quot;:&quot;classic&quot;}\">\n\t\t\t\t\t\t<div class=\"elementor-container elementor-column-gap-default\">\n\t\t\t\t\t<div class=\"elementor-column elementor-col-100 elementor-top-column elementor-element elementor-element-5c898772\" data-id=\"5c898772\" data-element_type=\"column\">\n\t\t\t<div class=\"elementor-widget-wrap elementor-element-populated\">\n\t\t\t\t\t\t<div class=\"elementor-element elementor-element-85c916d elementor-invisible elementor-widget elementor-widget-image\" data-id=\"85c916d\" data-element_type=\"widget\" data-settings=\"{&quot;_animation&quot;:&quot;fadeIn&quot;}\" data-widget_type=\"image.default\">\n\t\t\t\t<div class=\"elementor-widget-container\">\n\t\t\t\t\t\t\t\t\t\t\t\t\t\t\t<img fetchpriority=\"high\" decoding=\"async\" width=\"794\" height=\"827\" src=\"https:\/\/iberpoligraph.es\/wp-content\/uploads\/2023\/11\/quote1.png\" class=\"attachment-large size-large wp-image-2612\" alt=\"\" srcset=\"https:\/\/iberpoligraph.es\/wp-content\/uploads\/2023\/11\/quote1.png 794w, https:\/\/iberpoligraph.es\/wp-content\/uploads\/2023\/11\/quote1-288x300.png 288w, https:\/\/iberpoligraph.es\/wp-content\/uploads\/2023\/11\/quote1-768x800.png 768w\" sizes=\"(max-width: 794px) 100vw, 794px\" \/>\t\t\t\t\t\t\t\t\t\t\t\t\t\t\t<\/div>\n\t\t\t\t<\/div>\n\t\t\t\t<div class=\"elementor-element elementor-element-d96a663 elementor-widget elementor-widget-heading\" data-id=\"d96a663\" data-element_type=\"widget\" data-widget_type=\"heading.default\">\n\t\t\t\t<div class=\"elementor-widget-container\">\n\t\t\t\t\t<h2 class=\"elementor-heading-title elementor-size-default\">ABOUT US<\/h2>\t\t\t\t<\/div>\n\t\t\t\t<\/div>\n\t\t\t\t<div class=\"elementor-element elementor-element-3cfe0eee elementor-widget__width-initial elementor-invisible elementor-widget elementor-widget-text-editor\" data-id=\"3cfe0eee\" data-element_type=\"widget\" data-settings=\"{&quot;_animation&quot;:&quot;fadeIn&quot;,&quot;_animation_delay&quot;:200}\" data-widget_type=\"text-editor.default\">\n\t\t\t\t<div class=\"elementor-widget-container\">\n\t\t\t\t\t\t\t\t\t<p><i>\u00abWe were born as a service company in the ceramic sector, specializing over the years in high-resolution design for surface decoration.<\/i><\/p>\n<p><i>The quality of our proposals as well as the personalized treatment of our clients have made us a reference company in the sector.<\/i><\/p>\n<p><i>Our constant monitoring of the latest trends in interior design and the permanent search for materials allows us to offer our clients complete projects for their new collections, accompanying them throughout the development process until achieving the best results.<\/i><\/p>\n<p><i>In 2015 we decided to start another exciting project, creating our 3D division from where we give shape to the most varied creative ideas.<\/i><\/p>\n<p><i>Each new project is a challenge, where our team of designers and specialized technicians ensure that all of them become a success story.\u00bb<\/i><i>.<\/i><\/p>\t\t\t\t\t\t\t\t<\/div>\n\t\t\t\t<\/div>\n\t\t\t\t\t<\/div>\n\t\t<\/div>\n\t\t\t\t\t<\/div>\n\t\t<\/section>\n\t\t\t\t<\/div>","protected":false},"excerpt":{"rendered":"<p>NOSOTROS \u00abNacimos como empresa de servicio en el sector cer\u00e1mico, especializ\u00e1ndonos con los a\u00f1os en dise\u00f1o en alta resoluci\u00f3n para decoraci\u00f3n de superficies. La calidad de nuestras propuestas as\u00ed como el trato personalizado a nuestros clientes nos han convertido en una empresa de referencia en el sector. Nuestro seguimiento constante de las \u00faltimas tendencias en [&hellip;]<\/p>\n","protected":false},"author":1,"featured_media":0,"parent":0,"menu_order":0,"comment_status":"closed","ping_status":"closed","template":"elementor_header_footer","meta":{"footnotes":""},"class_list":["post-541","page","type-page","status-publish","hentry"],"_links":{"self":[{"href":"https:\/\/iberpoligraph.es\/en\/wp-json\/wp\/v2\/pages\/541","targetHints":{"allow":["GET"]}}],"collection":[{"href":"https:\/\/iberpoligraph.es\/en\/wp-json\/wp\/v2\/pages"}],"about":[{"href":"https:\/\/iberpoligraph.es\/en\/wp-json\/wp\/v2\/types\/page"}],"author":[{"embeddable":true,"href":"https:\/\/iberpoligraph.es\/en\/wp-json\/wp\/v2\/users\/1"}],"replies":[{"embeddable":true,"href":"https:\/\/iberpoligraph.es\/en\/wp-json\/wp\/v2\/comments?post=541"}],"version-history":[{"count":125,"href":"https:\/\/iberpoligraph.es\/en\/wp-json\/wp\/v2\/pages\/541\/revisions"}],"predecessor-version":[{"id":3234,"href":"https:\/\/iberpoligraph.es\/en\/wp-json\/wp\/v2\/pages\/541\/revisions\/3234"}],"wp:attachment":[{"href":"https:\/\/iberpoligraph.es\/en\/wp-json\/wp\/v2\/media?parent=541"}],"curies":[{"name":"wp","href":"https:\/\/api.w.org\/{rel}","templated":true}]}}