{"id":812,"date":"2023-10-19T12:25:05","date_gmt":"2023-10-19T10:25:05","guid":{"rendered":"https:\/\/iberpoligraph.es\/?page_id=812"},"modified":"2023-12-19T17:32:55","modified_gmt":"2023-12-19T16:32:55","slug":"iberpoligraph-design","status":"publish","type":"page","link":"https:\/\/iberpoligraph.es\/en\/iberpoligraph-design\/","title":{"rendered":"Iberpoligraph Design"},"content":{"rendered":"<div data-elementor-type=\"wp-page\" data-elementor-id=\"812\" class=\"elementor elementor-812\" data-elementor-post-type=\"page\">\n\t\t\t\t\t\t<section class=\"elementor-section elementor-top-section elementor-element elementor-element-f6365c7 elementor-section-height-min-height elementor-section-boxed elementor-section-height-default elementor-section-items-middle\" data-id=\"f6365c7\" data-element_type=\"section\" data-settings=\"{&quot;background_background&quot;:&quot;classic&quot;}\">\n\t\t\t\t\t\t<div class=\"elementor-container elementor-column-gap-default\">\n\t\t\t\t\t<div class=\"elementor-column elementor-col-100 elementor-top-column elementor-element elementor-element-59361ea\" data-id=\"59361ea\" data-element_type=\"column\">\n\t\t\t<div class=\"elementor-widget-wrap\">\n\t\t\t\t\t\t\t<\/div>\n\t\t<\/div>\n\t\t\t\t\t<\/div>\n\t\t<\/section>\n\t\t<div class=\"elementor-element elementor-element-a080425 e-flex e-con-boxed e-con e-parent\" data-id=\"a080425\" data-element_type=\"container\" data-settings=\"{&quot;background_background&quot;:&quot;classic&quot;}\">\n\t\t\t\t\t<div class=\"e-con-inner\">\n\t\t<div class=\"elementor-element elementor-element-56c6e64 e-con-full e-flex e-con e-child\" data-id=\"56c6e64\" data-element_type=\"container\">\n\t\t\t\t<div class=\"elementor-element elementor-element-d292284 elementor-widget-divider--view-line elementor-widget elementor-widget-divider\" data-id=\"d292284\" data-element_type=\"widget\" data-widget_type=\"divider.default\">\n\t\t\t\t<div class=\"elementor-widget-container\">\n\t\t\t\t\t\t\t<div class=\"elementor-divider\">\n\t\t\t<span class=\"elementor-divider-separator\">\n\t\t\t\t\t\t<\/span>\n\t\t<\/div>\n\t\t\t\t\t\t<\/div>\n\t\t\t\t<\/div>\n\t\t\t\t<\/div>\n\t\t\t\t\t<\/div>\n\t\t\t\t<\/div>\n\t\t\t\t<section class=\"elementor-section elementor-top-section elementor-element elementor-element-7cceca6b elementor-section-boxed elementor-section-height-default elementor-section-height-default\" data-id=\"7cceca6b\" data-element_type=\"section\" data-settings=\"{&quot;background_background&quot;:&quot;classic&quot;}\">\n\t\t\t\t\t\t<div class=\"elementor-container elementor-column-gap-default\">\n\t\t\t\t\t<div class=\"elementor-column elementor-col-100 elementor-top-column elementor-element elementor-element-317d11b8\" data-id=\"317d11b8\" data-element_type=\"column\">\n\t\t\t<div class=\"elementor-widget-wrap elementor-element-populated\">\n\t\t\t\t\t\t<div class=\"elementor-element elementor-element-c6d7923 elementor-invisible elementor-widget elementor-widget-image\" data-id=\"c6d7923\" data-element_type=\"widget\" data-settings=\"{&quot;_animation&quot;:&quot;fadeIn&quot;}\" data-widget_type=\"image.default\">\n\t\t\t\t<div class=\"elementor-widget-container\">\n\t\t\t\t\t\t\t\t\t\t\t\t\t\t\t<img fetchpriority=\"high\" decoding=\"async\" width=\"794\" height=\"827\" src=\"https:\/\/iberpoligraph.es\/wp-content\/uploads\/2023\/11\/quote1.png\" class=\"attachment-large size-large wp-image-2612\" alt=\"\" srcset=\"https:\/\/iberpoligraph.es\/wp-content\/uploads\/2023\/11\/quote1.png 794w, https:\/\/iberpoligraph.es\/wp-content\/uploads\/2023\/11\/quote1-288x300.png 288w, https:\/\/iberpoligraph.es\/wp-content\/uploads\/2023\/11\/quote1-768x800.png 768w\" sizes=\"(max-width: 794px) 100vw, 794px\" \/>\t\t\t\t\t\t\t\t\t\t\t\t\t\t\t<\/div>\n\t\t\t\t<\/div>\n\t\t\t\t<div class=\"elementor-element elementor-element-d7c72af elementor-widget elementor-widget-heading\" data-id=\"d7c72af\" data-element_type=\"widget\" data-widget_type=\"heading.default\">\n\t\t\t\t<div class=\"elementor-widget-container\">\n\t\t\t\t\t<h2 class=\"elementor-heading-title elementor-size-default\">IBERPOLIGRAPH DESIGN<\/h2>\t\t\t\t<\/div>\n\t\t\t\t<\/div>\n\t\t\t\t<div class=\"elementor-element elementor-element-415fc90 elementor-invisible elementor-widget elementor-widget-text-editor\" data-id=\"415fc90\" data-element_type=\"widget\" data-settings=\"{&quot;_animation&quot;:&quot;fadeIn&quot;,&quot;_animation_delay&quot;:200}\" data-widget_type=\"text-editor.default\">\n\t\t\t\t<div class=\"elementor-widget-container\">\n\t\t\t\t\t\t\t\t\t<p><em>&nbsp;\"We create high-resolution digital graphics for surface decoration, we are inspired by nature, craftsmanship, we follow the latest trends and stay ahead of them.<\/em><\/p>\n<p><em>We select materials and capture their details which, together with the careful work of our technicians and designers, allows us to offer the best proposals to our clients.<\/em><\/p>\n<p><em>Giving complete solutions to your needs in flooring, coverings, decorations and reliefs for the ceramic sector, laminates, wallpaper...\".<\/em><\/p>\t\t\t\t\t\t\t\t<\/div>\n\t\t\t\t<\/div>\n\t\t\t\t\t<\/div>\n\t\t<\/div>\n\t\t\t\t\t<\/div>\n\t\t<\/section>\n\t\t\t\t<section class=\"elementor-section elementor-top-section elementor-element elementor-element-27ea296c elementor-section-boxed elementor-section-height-default elementor-section-height-default\" data-id=\"27ea296c\" data-element_type=\"section\" data-settings=\"{&quot;background_background&quot;:&quot;classic&quot;}\">\n\t\t\t\t\t\t<div class=\"elementor-container elementor-column-gap-default\">\n\t\t\t\t\t<div class=\"elementor-column elementor-col-100 elementor-top-column elementor-element elementor-element-3f32135\" data-id=\"3f32135\" data-element_type=\"column\">\n\t\t\t<div class=\"elementor-widget-wrap elementor-element-populated\">\n\t\t\t\t\t\t<div class=\"elementor-element elementor-element-3bd7ad82 elementor-widget-divider--view-line elementor-widget elementor-widget-divider\" data-id=\"3bd7ad82\" data-element_type=\"widget\" data-widget_type=\"divider.default\">\n\t\t\t\t<div class=\"elementor-widget-container\">\n\t\t\t\t\t\t\t<div class=\"elementor-divider\">\n\t\t\t<span class=\"elementor-divider-separator\">\n\t\t\t\t\t\t<\/span>\n\t\t<\/div>\n\t\t\t\t\t\t<\/div>\n\t\t\t\t<\/div>\n\t\t\t\t\t<\/div>\n\t\t<\/div>\n\t\t\t\t\t<\/div>\n\t\t<\/section>\n\t\t<div class=\"elementor-element elementor-element-38d1160 e-con-full e-flex e-con e-parent\" data-id=\"38d1160\" data-element_type=\"container\">\n\t\t<div class=\"elementor-element elementor-element-7a19de8 e-flex e-con-boxed e-con e-child\" data-id=\"7a19de8\" data-element_type=\"container\">\n\t\t\t\t\t<div class=\"e-con-inner\">\n\t\t<div class=\"elementor-element elementor-element-2badc0d e-flex e-con-boxed e-con e-child\" data-id=\"2badc0d\" data-element_type=\"container\">\n\t\t\t\t\t<div class=\"e-con-inner\">\n\t\t\t\t<div class=\"elementor-element elementor-element-6f43c47 elementor-widget elementor-widget-gallery\" data-id=\"6f43c47\" data-element_type=\"widget\" data-settings=\"{&quot;gap&quot;:{&quot;unit&quot;:&quot;px&quot;,&quot;size&quot;:24,&quot;sizes&quot;:[]},&quot;image_hover_animation&quot;:&quot;grow&quot;,&quot;columns&quot;:3,&quot;lazyload&quot;:&quot;yes&quot;,&quot;gallery_layout&quot;:&quot;grid&quot;,&quot;columns_tablet&quot;:2,&quot;columns_mobile&quot;:1,&quot;gap_tablet&quot;:{&quot;unit&quot;:&quot;px&quot;,&quot;size&quot;:10,&quot;sizes&quot;:[]},&quot;gap_mobile&quot;:{&quot;unit&quot;:&quot;px&quot;,&quot;size&quot;:10,&quot;sizes&quot;:[]},&quot;link_to&quot;:&quot;file&quot;,&quot;aspect_ratio&quot;:&quot;3:2&quot;,&quot;overlay_background&quot;:&quot;yes&quot;,&quot;content_hover_animation&quot;:&quot;fade-in&quot;}\" data-widget_type=\"gallery.default\">\n\t\t\t\t<div class=\"elementor-widget-container\">\n\t\t\t\t\t\t\t<div class=\"elementor-gallery__container\">\n\t\t\t\t\t\t\t<a class=\"e-gallery-item elementor-gallery-item elementor-animated-content\" href=\"https:\/\/iberpoligraph.es\/wp-content\/uploads\/2023\/12\/1.jpg\" data-elementor-open-lightbox=\"yes\" data-elementor-lightbox-slideshow=\"6f43c47\" data-e-action-hash=\"#elementor-action%3Aaction%3Dlightbox%26settings%3DeyJpZCI6MzE2OCwidXJsIjoiaHR0cHM6XC9cL2liZXJwb2xpZ3JhcGguZXNcL3dwLWNvbnRlbnRcL3VwbG9hZHNcLzIwMjNcLzEyXC8xLmpwZyIsInNsaWRlc2hvdyI6IjZmNDNjNDcifQ%3D%3D\">\n\t\t\t\t\t<div class=\"e-gallery-image elementor-gallery-item__image\" data-thumbnail=\"https:\/\/iberpoligraph.es\/wp-content\/uploads\/2023\/12\/1-768x513.jpg\" data-width=\"768\" data-height=\"513\" aria-label=\"\" role=\"img\" ><\/div>\n\t\t\t\t\t\t\t\t\t\t\t<div class=\"elementor-gallery-item__overlay\"><\/div>\n\t\t\t\t\t\t\t\t\t\t\t\t\t\t<\/a>\n\t\t\t\t\t\t\t<a class=\"e-gallery-item elementor-gallery-item elementor-animated-content\" href=\"https:\/\/iberpoligraph.es\/wp-content\/uploads\/2023\/12\/3.jpg\" data-elementor-open-lightbox=\"yes\" data-elementor-lightbox-slideshow=\"6f43c47\" data-e-action-hash=\"#elementor-action%3Aaction%3Dlightbox%26settings%3DeyJpZCI6MzE3MCwidXJsIjoiaHR0cHM6XC9cL2liZXJwb2xpZ3JhcGguZXNcL3dwLWNvbnRlbnRcL3VwbG9hZHNcLzIwMjNcLzEyXC8zLmpwZyIsInNsaWRlc2hvdyI6IjZmNDNjNDcifQ%3D%3D\">\n\t\t\t\t\t<div class=\"e-gallery-image elementor-gallery-item__image\" data-thumbnail=\"https:\/\/iberpoligraph.es\/wp-content\/uploads\/2023\/12\/3-768x513.jpg\" data-width=\"768\" data-height=\"513\" aria-label=\"\" role=\"img\" ><\/div>\n\t\t\t\t\t\t\t\t\t\t\t<div class=\"elementor-gallery-item__overlay\"><\/div>\n\t\t\t\t\t\t\t\t\t\t\t\t\t\t<\/a>\n\t\t\t\t\t\t\t<a class=\"e-gallery-item elementor-gallery-item elementor-animated-content\" href=\"https:\/\/iberpoligraph.es\/wp-content\/uploads\/2023\/12\/2.jpg\" data-elementor-open-lightbox=\"yes\" data-elementor-lightbox-slideshow=\"6f43c47\" data-e-action-hash=\"#elementor-action%3Aaction%3Dlightbox%26settings%3DeyJpZCI6MzE2OSwidXJsIjoiaHR0cHM6XC9cL2liZXJwb2xpZ3JhcGguZXNcL3dwLWNvbnRlbnRcL3VwbG9hZHNcLzIwMjNcLzEyXC8yLmpwZyIsInNsaWRlc2hvdyI6IjZmNDNjNDcifQ%3D%3D\">\n\t\t\t\t\t<div class=\"e-gallery-image elementor-gallery-item__image\" data-thumbnail=\"https:\/\/iberpoligraph.es\/wp-content\/uploads\/2023\/12\/2-768x513.jpg\" data-width=\"768\" data-height=\"513\" aria-label=\"\" role=\"img\" ><\/div>\n\t\t\t\t\t\t\t\t\t\t\t<div class=\"elementor-gallery-item__overlay\"><\/div>\n\t\t\t\t\t\t\t\t\t\t\t\t\t\t<\/a>\n\t\t\t\t\t\t\t<a class=\"e-gallery-item elementor-gallery-item elementor-animated-content\" href=\"https:\/\/iberpoligraph.es\/wp-content\/uploads\/2023\/12\/10.jpg\" data-elementor-open-lightbox=\"yes\" data-elementor-lightbox-slideshow=\"6f43c47\" data-e-action-hash=\"#elementor-action%3Aaction%3Dlightbox%26settings%3DeyJpZCI6MzE3NCwidXJsIjoiaHR0cHM6XC9cL2liZXJwb2xpZ3JhcGguZXNcL3dwLWNvbnRlbnRcL3VwbG9hZHNcLzIwMjNcLzEyXC8xMC5qcGciLCJzbGlkZXNob3ciOiI2ZjQzYzQ3In0%3D\">\n\t\t\t\t\t<div class=\"e-gallery-image elementor-gallery-item__image\" data-thumbnail=\"https:\/\/iberpoligraph.es\/wp-content\/uploads\/2023\/12\/10-768x513.jpg\" data-width=\"768\" data-height=\"513\" aria-label=\"\" role=\"img\" ><\/div>\n\t\t\t\t\t\t\t\t\t\t\t<div class=\"elementor-gallery-item__overlay\"><\/div>\n\t\t\t\t\t\t\t\t\t\t\t\t\t\t<\/a>\n\t\t\t\t\t\t\t<a class=\"e-gallery-item elementor-gallery-item elementor-animated-content\" href=\"https:\/\/iberpoligraph.es\/wp-content\/uploads\/2023\/12\/4.jpg\" data-elementor-open-lightbox=\"yes\" data-elementor-lightbox-slideshow=\"6f43c47\" data-e-action-hash=\"#elementor-action%3Aaction%3Dlightbox%26settings%3DeyJpZCI6MzE3MSwidXJsIjoiaHR0cHM6XC9cL2liZXJwb2xpZ3JhcGguZXNcL3dwLWNvbnRlbnRcL3VwbG9hZHNcLzIwMjNcLzEyXC80LmpwZyIsInNsaWRlc2hvdyI6IjZmNDNjNDcifQ%3D%3D\">\n\t\t\t\t\t<div class=\"e-gallery-image elementor-gallery-item__image\" data-thumbnail=\"https:\/\/iberpoligraph.es\/wp-content\/uploads\/2023\/12\/4-768x513.jpg\" data-width=\"768\" data-height=\"513\" aria-label=\"\" role=\"img\" ><\/div>\n\t\t\t\t\t\t\t\t\t\t\t<div class=\"elementor-gallery-item__overlay\"><\/div>\n\t\t\t\t\t\t\t\t\t\t\t\t\t\t<\/a>\n\t\t\t\t\t\t\t<a class=\"e-gallery-item elementor-gallery-item elementor-animated-content\" href=\"https:\/\/iberpoligraph.es\/wp-content\/uploads\/2023\/12\/9.jpg\" data-elementor-open-lightbox=\"yes\" data-elementor-lightbox-slideshow=\"6f43c47\" data-e-action-hash=\"#elementor-action%3Aaction%3Dlightbox%26settings%3DeyJpZCI6MzE3MywidXJsIjoiaHR0cHM6XC9cL2liZXJwb2xpZ3JhcGguZXNcL3dwLWNvbnRlbnRcL3VwbG9hZHNcLzIwMjNcLzEyXC85LmpwZyIsInNsaWRlc2hvdyI6IjZmNDNjNDcifQ%3D%3D\">\n\t\t\t\t\t<div class=\"e-gallery-image elementor-gallery-item__image\" data-thumbnail=\"https:\/\/iberpoligraph.es\/wp-content\/uploads\/2023\/12\/9-768x513.jpg\" data-width=\"768\" data-height=\"513\" aria-label=\"\" role=\"img\" ><\/div>\n\t\t\t\t\t\t\t\t\t\t\t<div class=\"elementor-gallery-item__overlay\"><\/div>\n\t\t\t\t\t\t\t\t\t\t\t\t\t\t<\/a>\n\t\t\t\t\t\t\t<a class=\"e-gallery-item elementor-gallery-item elementor-animated-content\" href=\"https:\/\/iberpoligraph.es\/wp-content\/uploads\/2023\/12\/7.jpg\" data-elementor-open-lightbox=\"yes\" data-elementor-lightbox-slideshow=\"6f43c47\" data-e-action-hash=\"#elementor-action%3Aaction%3Dlightbox%26settings%3DeyJpZCI6MzE3NiwidXJsIjoiaHR0cHM6XC9cL2liZXJwb2xpZ3JhcGguZXNcL3dwLWNvbnRlbnRcL3VwbG9hZHNcLzIwMjNcLzEyXC83LmpwZyIsInNsaWRlc2hvdyI6IjZmNDNjNDcifQ%3D%3D\">\n\t\t\t\t\t<div class=\"e-gallery-image elementor-gallery-item__image\" data-thumbnail=\"https:\/\/iberpoligraph.es\/wp-content\/uploads\/2023\/12\/7-768x513.jpg\" data-width=\"768\" data-height=\"513\" aria-label=\"\" role=\"img\" ><\/div>\n\t\t\t\t\t\t\t\t\t\t\t<div class=\"elementor-gallery-item__overlay\"><\/div>\n\t\t\t\t\t\t\t\t\t\t\t\t\t\t<\/a>\n\t\t\t\t\t\t\t<a class=\"e-gallery-item elementor-gallery-item elementor-animated-content\" href=\"https:\/\/iberpoligraph.es\/wp-content\/uploads\/2023\/12\/55.jpg\" data-elementor-open-lightbox=\"yes\" data-elementor-lightbox-slideshow=\"6f43c47\" data-e-action-hash=\"#elementor-action%3Aaction%3Dlightbox%26settings%3DeyJpZCI6MzE2NywidXJsIjoiaHR0cHM6XC9cL2liZXJwb2xpZ3JhcGguZXNcL3dwLWNvbnRlbnRcL3VwbG9hZHNcLzIwMjNcLzEyXC81NS5qcGciLCJzbGlkZXNob3ciOiI2ZjQzYzQ3In0%3D\">\n\t\t\t\t\t<div class=\"e-gallery-image elementor-gallery-item__image\" data-thumbnail=\"https:\/\/iberpoligraph.es\/wp-content\/uploads\/2023\/12\/55-768x513.jpg\" data-width=\"768\" data-height=\"513\" aria-label=\"\" role=\"img\" ><\/div>\n\t\t\t\t\t\t\t\t\t\t\t<div class=\"elementor-gallery-item__overlay\"><\/div>\n\t\t\t\t\t\t\t\t\t\t\t\t\t\t<\/a>\n\t\t\t\t\t\t\t<a class=\"e-gallery-item elementor-gallery-item elementor-animated-content\" href=\"https:\/\/iberpoligraph.es\/wp-content\/uploads\/2023\/12\/11.jpg\" data-elementor-open-lightbox=\"yes\" data-elementor-lightbox-slideshow=\"6f43c47\" data-e-action-hash=\"#elementor-action%3Aaction%3Dlightbox%26settings%3DeyJpZCI6MzE3NSwidXJsIjoiaHR0cHM6XC9cL2liZXJwb2xpZ3JhcGguZXNcL3dwLWNvbnRlbnRcL3VwbG9hZHNcLzIwMjNcLzEyXC8xMS5qcGciLCJzbGlkZXNob3ciOiI2ZjQzYzQ3In0%3D\">\n\t\t\t\t\t<div class=\"e-gallery-image elementor-gallery-item__image\" data-thumbnail=\"https:\/\/iberpoligraph.es\/wp-content\/uploads\/2023\/12\/11-768x516.jpg\" data-width=\"768\" data-height=\"516\" aria-label=\"\" role=\"img\" ><\/div>\n\t\t\t\t\t\t\t\t\t\t\t<div class=\"elementor-gallery-item__overlay\"><\/div>\n\t\t\t\t\t\t\t\t\t\t\t\t\t\t<\/a>\n\t\t\t\t\t<\/div>\n\t\t\t\t\t<\/div>\n\t\t\t\t<\/div>\n\t\t\t\t\t<\/div>\n\t\t\t\t<\/div>\n\t\t\t\t\t<\/div>\n\t\t\t\t<\/div>\n\t\t\t\t<\/div>\n\t\t\t\t<\/div>","protected":false},"excerpt":{"rendered":"<p>IBERPOLIGRAPH DESIGN &nbsp;\u00abCreamos gr\u00e1ficas digitales en alta resoluci\u00f3n para decoraci\u00f3n de superficies, nos inspira la naturaleza, la artesan\u00eda, seguimos las \u00faltimas tendencias y nos adelantamos a ellas. Seleccionamos materiales y capturamos sus detalles lo que, junto con el cuidado trabajo de nuestros t\u00e9cnicos y dise\u00f1adores, nos permite ofrecer las mejores propuestas a nuestros clientes. Dando [&hellip;]<\/p>\n","protected":false},"author":1,"featured_media":0,"parent":0,"menu_order":0,"comment_status":"closed","ping_status":"closed","template":"","meta":{"footnotes":""},"class_list":["post-812","page","type-page","status-publish","hentry"],"_links":{"self":[{"href":"https:\/\/iberpoligraph.es\/en\/wp-json\/wp\/v2\/pages\/812","targetHints":{"allow":["GET"]}}],"collection":[{"href":"https:\/\/iberpoligraph.es\/en\/wp-json\/wp\/v2\/pages"}],"about":[{"href":"https:\/\/iberpoligraph.es\/en\/wp-json\/wp\/v2\/types\/page"}],"author":[{"embeddable":true,"href":"https:\/\/iberpoligraph.es\/en\/wp-json\/wp\/v2\/users\/1"}],"replies":[{"embeddable":true,"href":"https:\/\/iberpoligraph.es\/en\/wp-json\/wp\/v2\/comments?post=812"}],"version-history":[{"count":284,"href":"https:\/\/iberpoligraph.es\/en\/wp-json\/wp\/v2\/pages\/812\/revisions"}],"predecessor-version":[{"id":3269,"href":"https:\/\/iberpoligraph.es\/en\/wp-json\/wp\/v2\/pages\/812\/revisions\/3269"}],"wp:attachment":[{"href":"https:\/\/iberpoligraph.es\/en\/wp-json\/wp\/v2\/media?parent=812"}],"curies":[{"name":"wp","href":"https:\/\/api.w.org\/{rel}","templated":true}]}}